{"id":894,"date":"2024-03-22T14:45:38","date_gmt":"2024-03-22T17:45:38","guid":{"rendered":"https:\/\/kissfm.com.br\/concursos\/?page_id=894"},"modified":"2024-08-08T12:17:32","modified_gmt":"2024-08-08T15:17:32","slug":"recuperar-senha","status":"publish","type":"page","link":"https:\/\/kissfm.com.br\/concursos\/recuperar-senha\/","title":{"rendered":"Recuperar Senha"},"content":{"rendered":"\t\t<div data-elementor-type=\"wp-page\" data-elementor-id=\"894\" class=\"elementor elementor-894\" data-elementor-post-type=\"page\">\n\t\t\t\t<div class=\"elementor-element elementor-element-ba83685 e-flex e-con-boxed e-con e-parent\" data-id=\"ba83685\" data-element_type=\"container\" data-settings=\"{&quot;background_background&quot;:&quot;classic&quot;,&quot;jet_parallax_layout_list&quot;:[]}\">\n\t\t\t\t\t<div class=\"e-con-inner\">\n\t\t\t\t<div class=\"elementor-element elementor-element-6936367 elementor-widget elementor-widget-jet-reset\" data-id=\"6936367\" data-element_type=\"widget\" data-widget_type=\"jet-reset.default\">\n\t\t\t\t<div class=\"elementor-widget-container\">\n\t\t\t\n<div class=\"jet-reset\">\n\n\t\n\t\n\t<form id=\"lostpasswordform\" class=\"jet-reset__form\" name=\"lostpasswordform\" method=\"post\">\n\n\t\t\n\t\t\t<legend class=\"jet-reset__form-title\">Redefinir senha<\/legend>\n\n\t\t\n\t\t\n\t\t\t<div class=\"jet-reset__form-text\">\n\t\t\t\t<p>Por favor, insira seu endere\u00e7o de e-mail ou nome de usu\u00e1rio. Voc\u00ea receber\u00e1 um link para criar uma nova senha por e-mail.<\/p>\n\t\t\t<\/div>\n\n\t\t\n\t\t<p class=\"jet_reset__user-info\">\n\n\t\t\t<label for=\"jet_reset_user_info\">Email<\/label>\n\t\t\t<input class=\"input\" type=\"text\" name=\"jet_reset_user_info\" id=\"jet_reset_user_info\">\n\n\t\t<\/p>\n\n\t\t<div class=\"jet-reset__submit\">\n\n\t\t\t<input type=\"hidden\" id=\"jet_reset_nonce\" name=\"jet_reset_nonce\" value=\"04fb0e403b\" \/><input type=\"hidden\" name=\"_wp_http_referer\" value=\"\/concursos\/wp-json\/wp\/v2\/pages\/894\" \/>\t\t\t<input type=\"hidden\" name=\"submitted\" id=\"submitted\" value=\"true\">\n\t\t\t<input type=\"hidden\" name=\"jet_reset_action\" id=\"jet_reset_post_action\" value=\"jet_reset_lost_pass\">\n\t\t\t<button type=\"submit\" id=\"jet-reset-pass-submit\" name=\"jet-reset-pass-submit\" class=\"button button-primary jet-reset__button jet-reset__button-full\">Redefinir senha<\/button>\n\n\t\t<\/div>\n\n\t<\/form>\n\n\t\n<\/div>\t\t<\/div>\n\t\t\t\t<\/div>\n\t\t\t\t\t<\/div>\n\t\t\t\t<\/div>\n\t\t\t\t<\/div>\n\t\t","protected":false},"excerpt":{"rendered":"<p>Redefinir senha Por favor, insira seu endere\u00e7o de e-mail ou nome de usu\u00e1rio. Voc\u00ea receber\u00e1 um link para criar uma nova senha por e-mail. Email Redefinir senha<\/p>\n","protected":false},"author":23,"featured_media":0,"parent":0,"menu_order":0,"comment_status":"closed","ping_status":"closed","template":"elementor_header_footer","meta":{"_jf_save_progress":"","_jet_sm_ready_style":"","_jet_sm_style":"","_jet_sm_controls_values":"","_jet_sm_fonts_collection":"","_jet_sm_fonts_links":"","_joinchat":[],"footnotes":""},"class_list":["post-894","page","type-page","status-publish","hentry"],"_links":{"self":[{"href":"https:\/\/kissfm.com.br\/concursos\/wp-json\/wp\/v2\/pages\/894","targetHints":{"allow":["GET"]}}],"collection":[{"href":"https:\/\/kissfm.com.br\/concursos\/wp-json\/wp\/v2\/pages"}],"about":[{"href":"https:\/\/kissfm.com.br\/concursos\/wp-json\/wp\/v2\/types\/page"}],"author":[{"embeddable":true,"href":"https:\/\/kissfm.com.br\/concursos\/wp-json\/wp\/v2\/users\/23"}],"replies":[{"embeddable":true,"href":"https:\/\/kissfm.com.br\/concursos\/wp-json\/wp\/v2\/comments?post=894"}],"version-history":[{"count":26,"href":"https:\/\/kissfm.com.br\/concursos\/wp-json\/wp\/v2\/pages\/894\/revisions"}],"predecessor-version":[{"id":2287,"href":"https:\/\/kissfm.com.br\/concursos\/wp-json\/wp\/v2\/pages\/894\/revisions\/2287"}],"wp:attachment":[{"href":"https:\/\/kissfm.com.br\/concursos\/wp-json\/wp\/v2\/media?parent=894"}],"curies":[{"name":"wp","href":"https:\/\/api.w.org\/{rel}","templated":true}]}}